{"id":1798,"date":"2024-01-25T10:35:03","date_gmt":"2024-01-25T09:35:03","guid":{"rendered":"http:\/\/synops-editions.fr\/WP\/?page_id=1798"},"modified":"2024-04-11T09:32:14","modified_gmt":"2024-04-11T07:32:14","slug":"nos-expositions","status":"publish","type":"page","link":"https:\/\/synops-editions.fr\/WP\/nos-expositions\/","title":{"rendered":"Nos expositions"},"content":{"rendered":"<p>[et_pb_section fb_built=\u00a0\u00bb1&Prime; custom_padding_last_edited=\u00a0\u00bbon|desktop\u00a0\u00bb _builder_version=\u00a0\u00bb4.24.0&Prime; _module_preset=\u00a0\u00bbdefault\u00a0\u00bb custom_padding_tablet=\u00a0\u00bb0px||0px||false|false\u00a0\u00bb custom_padding_phone=\u00a0\u00bb0px||0px||false|false\u00a0\u00bb da_disable_devices=\u00a0\u00bboff|off|off\u00a0\u00bb global_colors_info=\u00a0\u00bb{}\u00a0\u00bb da_is_popup=\u00a0\u00bboff\u00a0\u00bb da_exit_intent=\u00a0\u00bboff\u00a0\u00bb da_has_close=\u00a0\u00bbon\u00a0\u00bb da_alt_close=\u00a0\u00bboff\u00a0\u00bb da_dark_close=\u00a0\u00bboff\u00a0\u00bb da_not_modal=\u00a0\u00bbon\u00a0\u00bb da_is_singular=\u00a0\u00bboff\u00a0\u00bb da_with_loader=\u00a0\u00bboff\u00a0\u00bb da_has_shadow=\u00a0\u00bbon\u00a0\u00bb][et_pb_row _builder_version=\u00a0\u00bb4.23.4&Prime; _module_preset=\u00a0\u00bbdefault\u00a0\u00bb global_colors_info=\u00a0\u00bb{}\u00a0\u00bb][et_pb_column type=\u00a0\u00bb4_4&Prime; _builder_version=\u00a0\u00bb4.23.4&Prime; _module_preset=\u00a0\u00bbdefault\u00a0\u00bb global_colors_info=\u00a0\u00bb{}\u00a0\u00bb][et_pb_text _builder_version=\u00a0\u00bb4.24.2&Prime; _module_preset=\u00a0\u00bbdefault\u00a0\u00bb custom_margin=\u00a0\u00bb||||false|false\u00a0\u00bb custom_padding=\u00a0\u00bb||||false|false\u00a0\u00bb animation_style=\u00a0\u00bbfade\u00a0\u00bb animation_direction=\u00a0\u00bbleft\u00a0\u00bb global_colors_info=\u00a0\u00bb{}\u00a0\u00bb]<\/p>\n<h1>Nos expositions (vente et location)<\/h1>\n<p>[\/et_pb_text][et_pb_text _builder_version=\u00a0\u00bb4.24.2&Prime; _module_preset=\u00a0\u00bbdefault\u00a0\u00bb text_font_size=\u00a0\u00bb22px\u00a0\u00bb custom_margin=\u00a0\u00bb||2vw||false|false\u00a0\u00bb custom_padding=\u00a0\u00bb|35vw|||false|false\u00a0\u00bb custom_padding_tablet=\u00a0\u00bb|0vw|||false|false\u00a0\u00bb custom_padding_phone=\u00a0\u00bb|0vw|||false|false\u00a0\u00bb custom_padding_last_edited=\u00a0\u00bbon|desktop\u00a0\u00bb animation_style=\u00a0\u00bbfade\u00a0\u00bb animation_delay=\u00a0\u00bb150ms\u00a0\u00bb global_colors_info=\u00a0\u00bb{}\u00a0\u00bb]<\/p>\n<p>Passionn\u00e9s par le partage des connaissances, nous concevons des expositions \u00e0 la fois p\u00e9dagogiques, ludiques et immersives destin\u00e9es aux mus\u00e9es, m\u00e9diath\u00e8ques, associations, centres de culture scientifique (CCSTI) et tous types de lieux accueillant du public.<\/p>\n<p>Nos expositions itin\u00e9rantes sont disponibles \u00e0 la location et \u00e0 la vente.<\/p>\n<p>[\/et_pb_text][ba_dual_button btn_a_text=\u00a0\u00bbInformations pratiques\u00a0\u00bb btn_a_link=\u00a0\u00bb@ET-DC@eyJkeW5hbWljIjp0cnVlLCJjb250ZW50IjoicG9zdF9saW5rX3VybF9wYWdlIiwic2V0dGluZ3MiOnsicG9zdF9pZCI6IjE2OTIifX0=@\u00a0\u00bb btn_b_text=\u00a0\u00bbAcheter ou louer l&rsquo;exposition\u00a0\u00bb btn_b_link=\u00a0\u00bb#popupexpo\u00a0\u00bb btn_alignment_tablet=\u00a0\u00bb\u00a0\u00bb btn_alignment_phone=\u00a0\u00bbcenter\u00a0\u00bb btn_alignment_last_edited=\u00a0\u00bbon|phone\u00a0\u00bb _builder_version=\u00a0\u00bb4.24.2&Prime; _dynamic_attributes=\u00a0\u00bbbtn_a_link\u00a0\u00bb _module_preset=\u00a0\u00bbdefault\u00a0\u00bb btn_a_text_color=\u00a0\u00bb#000000&Prime; btn_a_bg_color=\u00a0\u00bbRGBA(255,255,255,0)\u00a0\u00bb btn_a_border_width=\u00a0\u00bb1px\u00a0\u00bb btn_a_border_color=\u00a0\u00bb#453951&Prime; btn_b_text_color=\u00a0\u00bbgcid-ffa18b19-9e0b-46e2-9265-91d2c1e7d8d1&Prime; btn_b_bg_color=\u00a0\u00bbgcid-8c7b54db-34cc-4fb3-87e0-143fb4ee89d4&Prime; custom_margin_phone=\u00a0\u00bb|0px||0px|false|false\u00a0\u00bb custom_padding_tablet=\u00a0\u00bb2vw||2vw||false|false\u00a0\u00bb custom_padding_phone=\u00a0\u00bb0vw|0px||0px|false|false\u00a0\u00bb animation_style=\u00a0\u00bbfade\u00a0\u00bb animation_delay=\u00a0\u00bb200ms\u00a0\u00bb btn_a_text_size_phone=\u00a0\u00bb3.2vw\u00a0\u00bb btn_b_text_size_phone=\u00a0\u00bb3.2vw\u00a0\u00bb locked=\u00a0\u00bboff\u00a0\u00bb global_colors_info=\u00a0\u00bb{%22gcid-ffa18b19-9e0b-46e2-9265-91d2c1e7d8d1%22:%91%22btn_a_text_color%22,%22btn_b_text_color%22,%22btn_a_text_color%22,%22btn_b_text_color%22%93,%22gcid-28d6e8f1-6a26-40f9-9ca4-0cfe14d61c80%22:%91%22btn_a_bg_color%22,%22btn_a_bg_color%22,%22btn_a_bg_color%22,%22btn_a_bg_color%22,%22btn_a_bg_color%22,%22btn_a_bg_color%22%93,%22gcid-8c7b54db-34cc-4fb3-87e0-143fb4ee89d4%22:%91%22btn_b_bg_color%22,%22btn_b_bg_color%22,%22btn_b_bg_color%22%93}\u00a0\u00bb btn_a_bg_color__hover=\u00a0\u00bbrgba(69,57,81,0.07)\u00a0\u00bb][\/ba_dual_button][et_pb_text _builder_version=\u00a0\u00bb4.24.2&Prime; _module_preset=\u00a0\u00bbdefault\u00a0\u00bb text_font_size=\u00a0\u00bb22px\u00a0\u00bb custom_margin=\u00a0\u00bb||2vw||false|false\u00a0\u00bb custom_padding=\u00a0\u00bb|35vw|||false|false\u00a0\u00bb custom_padding_tablet=\u00a0\u00bb|0vw|||false|false\u00a0\u00bb custom_padding_phone=\u00a0\u00bb|0vw|||false|false\u00a0\u00bb custom_padding_last_edited=\u00a0\u00bbon|desktop\u00a0\u00bb animation_style=\u00a0\u00bbfade\u00a0\u00bb animation_delay=\u00a0\u00bb250ms\u00a0\u00bb global_colors_info=\u00a0\u00bb{}\u00a0\u00bb]<\/p>\n<p>Nous r\u00e9alisons aussi des expositions ou adaptons celles-ci \u00ab\u00a0sur mesure\u00a0\u00bb en fonction de vos besoins.<\/p>\n<p>[\/et_pb_text][dnxte_content_toggle dnxte_heading_left=\u00a0\u00bbExpositions itin\u00e9rantes\u00a0\u00bb content_type_left=\u00a0\u00bblibrary\u00a0\u00bb library_id_left=\u00a0\u00bb5003&Prime; dnxte_heading_right=\u00a0\u00bbExpositions sur mesure\u00a0\u00bb content_type_right=\u00a0\u00bblibrary\u00a0\u00bb library_id_right=\u00a0\u00bb5120&Prime; switcher_size=\u00a0\u00bb12px\u00a0\u00bb switch_alignment=\u00a0\u00bbleft\u00a0\u00bb switch_primary_bg_color=\u00a0\u00bb#453951&Prime; switch_inner_bg_color=\u00a0\u00bb#22ABA6&Prime; switch_round_btn_bg_color=\u00a0\u00bb#FFF5ED\u00a0\u00bb switcher_size_tablet=\u00a0\u00bb9px\u00a0\u00bb switcher_size_phone=\u00a0\u00bb8px\u00a0\u00bb switcher_size_last_edited=\u00a0\u00bbon|phone\u00a0\u00bb _builder_version=\u00a0\u00bb4.24.2&Prime; _module_preset=\u00a0\u00bbdefault\u00a0\u00bb heding_left_font=\u00a0\u00bb||||||||\u00a0\u00bb heding_left_text_color=\u00a0\u00bb#000000&Prime; heding_left_font_size=\u00a0\u00bb20px\u00a0\u00bb heding_right_text_color=\u00a0\u00bb#000000&Prime; heding_right_font_size=\u00a0\u00bb20px\u00a0\u00bb custom_padding=\u00a0\u00bb2vw||2vw||false|false\u00a0\u00bb custom_padding_tablet=\u00a0\u00bb4vw||4vw||false|false\u00a0\u00bb custom_padding_phone=\u00a0\u00bb8vw||8vw||false|false\u00a0\u00bb custom_padding_last_edited=\u00a0\u00bbon|phone\u00a0\u00bb animation_style=\u00a0\u00bbfade\u00a0\u00bb animation_delay=\u00a0\u00bb250ms\u00a0\u00bb heding_left_font_size_tablet=\u00a0\u00bb17px\u00a0\u00bb heding_left_font_size_phone=\u00a0\u00bb14px\u00a0\u00bb heding_left_font_size_last_edited=\u00a0\u00bbon|tablet\u00a0\u00bb heding_right_font_size_tablet=\u00a0\u00bb17px\u00a0\u00bb heding_right_font_size_phone=\u00a0\u00bb14px\u00a0\u00bb heding_right_font_size_last_edited=\u00a0\u00bbon|phone\u00a0\u00bb border_color_all_switcher_borders=\u00a0\u00bb#453951&Prime; global_colors_info=\u00a0\u00bb{}\u00a0\u00bb][\/dnxte_content_toggle][\/et_pb_column][\/et_pb_row][\/et_pb_section][et_pb_section fb_built=\u00a0\u00bb1&Prime; custom_padding_last_edited=\u00a0\u00bboff|phone\u00a0\u00bb admin_label=\u00a0\u00bbPopup &#8211; #popupexpo\u00a0\u00bb module_id=\u00a0\u00bbpopupexpo\u00a0\u00bb module_class=\u00a0\u00bbpopup single\u00a0\u00bb _builder_version=\u00a0\u00bb4.24.2&Prime; _module_preset=\u00a0\u00bbdefault\u00a0\u00bb background_color=\u00a0\u00bb#FFF5ED\u00a0\u00bb width=\u00a0\u00bb45vw\u00a0\u00bb width_tablet=\u00a0\u00bb95vw\u00a0\u00bb width_phone=\u00a0\u00bb95vw\u00a0\u00bb width_last_edited=\u00a0\u00bbon|phone\u00a0\u00bb max_width=\u00a0\u00bb45vw\u00a0\u00bb max_width_tablet=\u00a0\u00bb95vw\u00a0\u00bb max_width_phone=\u00a0\u00bb95vw\u00a0\u00bb max_width_last_edited=\u00a0\u00bbon|phone\u00a0\u00bb height=\u00a0\u00bb33vw\u00a0\u00bb height_tablet=\u00a0\u00bb76vw\u00a0\u00bb height_phone=\u00a0\u00bb100%\u00a0\u00bb height_last_edited=\u00a0\u00bbon|phone\u00a0\u00bb max_height=\u00a0\u00bb33vw\u00a0\u00bb max_height_tablet=\u00a0\u00bb76vw\u00a0\u00bb max_height_phone=\u00a0\u00bb100%\u00a0\u00bb max_height_last_edited=\u00a0\u00bbon|phone\u00a0\u00bb custom_margin=\u00a0\u00bb0px||0px||false|false\u00a0\u00bb custom_margin_phone=\u00a0\u00bb|0px||0px|false|false\u00a0\u00bb custom_margin_last_edited=\u00a0\u00bboff|phone\u00a0\u00bb custom_padding=\u00a0\u00bb0px||0px||false|false\u00a0\u00bb custom_padding_phone=\u00a0\u00bb|0px||0px|false|false\u00a0\u00bb module_alignment_tablet=\u00a0\u00bbcenter\u00a0\u00bb module_alignment_phone=\u00a0\u00bbcenter\u00a0\u00bb module_alignment_last_edited=\u00a0\u00bbon|phone\u00a0\u00bb da_is_popup=\u00a0\u00bbon\u00a0\u00bb da_popup_slug=\u00a0\u00bbpopupexpo\u00a0\u00bb da_is_singular=\u00a0\u00bbon\u00a0\u00bb da_disable_devices=\u00a0\u00bboff|off|off\u00a0\u00bb border_color_all=\u00a0\u00bbgcid-8c7b54db-34cc-4fb3-87e0-143fb4ee89d4&Prime; saved_tabs=\u00a0\u00bball\u00a0\u00bb global_colors_info=\u00a0\u00bb{%22gcid-8c7b54db-34cc-4fb3-87e0-143fb4ee89d4%22:%91%22border_color_all%22%93}\u00a0\u00bb da_exit_intent=\u00a0\u00bboff\u00a0\u00bb da_has_close=\u00a0\u00bbon\u00a0\u00bb da_alt_close=\u00a0\u00bboff\u00a0\u00bb da_dark_close=\u00a0\u00bboff\u00a0\u00bb da_not_modal=\u00a0\u00bbon\u00a0\u00bb da_with_loader=\u00a0\u00bboff\u00a0\u00bb da_has_shadow=\u00a0\u00bbon\u00a0\u00bb][et_pb_row custom_padding_last_edited=\u00a0\u00bbon|phone\u00a0\u00bb _builder_version=\u00a0\u00bb4.24.2&Prime; _module_preset=\u00a0\u00bbdefault\u00a0\u00bb background_color=\u00a0\u00bbgcid-a40a3494-17cf-40d0-8dd9-0e4014c88bbf\u00a0\u00bb width=\u00a0\u00bb40vw\u00a0\u00bb width_tablet=\u00a0\u00bb40vw\u00a0\u00bb width_phone=\u00a0\u00bb40vw\u00a0\u00bb width_last_edited=\u00a0\u00bbon|tablet\u00a0\u00bb max_width=\u00a0\u00bb40vw\u00a0\u00bb max_width_tablet=\u00a0\u00bb95vw\u00a0\u00bb max_width_phone=\u00a0\u00bb95vw\u00a0\u00bb max_width_last_edited=\u00a0\u00bbon|desktop\u00a0\u00bb height_last_edited=\u00a0\u00bboff|tablet\u00a0\u00bb max_height_last_edited=\u00a0\u00bboff|tablet\u00a0\u00bb custom_padding_tablet=\u00a0\u00bb1vw||1vw||false|false\u00a0\u00bb custom_padding_phone=\u00a0\u00bb1vw||1vw||false|false\u00a0\u00bb border_radii=\u00a0\u00bbon|10px|10px|10px|10px\u00a0\u00bb border_width_all=\u00a0\u00bb1px\u00a0\u00bb border_color_all=\u00a0\u00bbRGBA(255,255,255,0)\u00a0\u00bb global_colors_info=\u00a0\u00bb{%22gcid-a40a3494-17cf-40d0-8dd9-0e4014c88bbf%22:%91%22background_color%22%93}\u00a0\u00bb][et_pb_column type=\u00a0\u00bb4_4&Prime; _builder_version=\u00a0\u00bb4.24.1&Prime; _module_preset=\u00a0\u00bbdefault\u00a0\u00bb global_colors_info=\u00a0\u00bb{}\u00a0\u00bb][et_pb_contact_form email=\u00a0\u00bbcontact@synops-editions.fr\u00a0\u00bb title=\u00a0\u00bbVous souhaitez acheter ou louer cette exposition ? \u00a0\u00bb custom_message=\u00a0\u00bbNom et pr\u00e9nom : %%Nom%% %%Prenom%%||et_pb_line_break_holder||||et_pb_line_break_holder||||et_pb_line_break_holder||T\u00e9l\u00e9phone : %%Telephone%%||et_pb_line_break_holder||Mail : %%Email%%||et_pb_line_break_holder||Organisme : %%Organisme%%||et_pb_line_break_holder||||et_pb_line_break_holder||Je suis int\u00e9ress\u00e9.e par l&rsquo;exposition : %%Exposition%%||et_pb_line_break_holder||||et_pb_line_break_holder||Message : %%Message%%||et_pb_line_break_holder||\u00a0\u00bb success_message=\u00a0\u00bbMerci ! Nous vous recontacterons dans les plus brefs d\u00e9lais.\u00a0\u00bb submit_button_text=\u00a0\u00bbEnvoyer\u00a0\u00bb _builder_version=\u00a0\u00bb4.24.2&Prime; _module_preset=\u00a0\u00bbdefault\u00a0\u00bb _unique_id=\u00a0\u00bbeb6aee2f-4a47-471e-9e03-40d79b78acf3&Prime; form_field_background_color=\u00a0\u00bbgcid-ffa18b19-9e0b-46e2-9265-91d2c1e7d8d1&Prime; form_field_focus_text_color=\u00a0\u00bbgcid-8c7b54db-34cc-4fb3-87e0-143fb4ee89d4&Prime; title_text_color=\u00a0\u00bb#453951&Prime; title_letter_spacing=\u00a0\u00bb-1px\u00a0\u00bb title_line_height=\u00a0\u00bb1.5em\u00a0\u00bb captcha_text_color=\u00a0\u00bbgcid-8c7b54db-34cc-4fb3-87e0-143fb4ee89d4&Prime; captcha_font_size=\u00a0\u00bb14px\u00a0\u00bb background_color=\u00a0\u00bbgcid-a40a3494-17cf-40d0-8dd9-0e4014c88bbf\u00a0\u00bb custom_button=\u00a0\u00bbon\u00a0\u00bb button_text_size=\u00a0\u00bb17px\u00a0\u00bb button_text_color=\u00a0\u00bbgcid-ffa18b19-9e0b-46e2-9265-91d2c1e7d8d1&Prime; button_bg_color=\u00a0\u00bbgcid-8c7b54db-34cc-4fb3-87e0-143fb4ee89d4&Prime; button_border_width=\u00a0\u00bb0px\u00a0\u00bb button_border_color=\u00a0\u00bb#453951&Prime; button_border_radius=\u00a0\u00bb3px\u00a0\u00bb width=\u00a0\u00bb40vw\u00a0\u00bb width_tablet=\u00a0\u00bb95vw\u00a0\u00bb width_phone=\u00a0\u00bb95vw\u00a0\u00bb width_last_edited=\u00a0\u00bbon|phone\u00a0\u00bb max_width=\u00a0\u00bb40vw\u00a0\u00bb max_width_tablet=\u00a0\u00bb95vw\u00a0\u00bb max_width_phone=\u00a0\u00bb95vw\u00a0\u00bb max_width_last_edited=\u00a0\u00bbon|phone\u00a0\u00bb custom_margin_last_edited=\u00a0\u00bboff|phone\u00a0\u00bb custom_padding=\u00a0\u00bb1vw|1vw|0vw|1vw|false|false\u00a0\u00bb custom_padding_tablet=\u00a0\u00bb1vw|1vw|0vw|1vw|false|false\u00a0\u00bb custom_padding_phone=\u00a0\u00bb1vw|2vw|1vw|2vw|false|false\u00a0\u00bb custom_padding_last_edited=\u00a0\u00bbon|phone\u00a0\u00bb animation_style=\u00a0\u00bbfade\u00a0\u00bb animation_speed_curve=\u00a0\u00bbease-out\u00a0\u00bb title_text_align_tablet=\u00a0\u00bbcenter\u00a0\u00bb title_text_align_phone=\u00a0\u00bbcenter\u00a0\u00bb title_text_align_last_edited=\u00a0\u00bbon|tablet\u00a0\u00bb title_font_size_tablet=\u00a0\u00bb\u00a0\u00bb title_font_size_phone=\u00a0\u00bb17px\u00a0\u00bb title_font_size_last_edited=\u00a0\u00bbon|phone\u00a0\u00bb form_field_font_size_tablet=\u00a0\u00bb\u00a0\u00bb form_field_font_size_phone=\u00a0\u00bb12px\u00a0\u00bb form_field_font_size_last_edited=\u00a0\u00bbon|phone\u00a0\u00bb button_text_size_last_edited=\u00a0\u00bboff|desktop\u00a0\u00bb module_alignment_tablet=\u00a0\u00bb\u00a0\u00bb module_alignment_phone=\u00a0\u00bbcenter\u00a0\u00bb module_alignment_last_edited=\u00a0\u00bbon|phone\u00a0\u00bb border_radii=\u00a0\u00bbon|2px|2px|2px|2px\u00a0\u00bb border_width_all=\u00a0\u00bb1px\u00a0\u00bb global_colors_info=\u00a0\u00bb{%22gcid-8c7b54db-34cc-4fb3-87e0-143fb4ee89d4%22:%91%22captcha_text_color%22,%22button_bg_color%22,%22form_field_focus_text_color%22%93,%22gcid-ffa18b19-9e0b-46e2-9265-91d2c1e7d8d1%22:%91%22button_text_color%22,%22form_field_background_color%22%93,%22gcid-a40a3494-17cf-40d0-8dd9-0e4014c88bbf%22:%91%22background_color%22%93}\u00a0\u00bb button_text_size__hover_enabled=\u00a0\u00bboff|desktop\u00a0\u00bb button_text_size__hover=\u00a0\u00bb18px\u00a0\u00bb][et_pb_contact_field field_id=\u00a0\u00bbNom\u00a0\u00bb field_title=\u00a0\u00bbNom\u00a0\u00bb _builder_version=\u00a0\u00bb4.24.1&Prime; global_colors_info=\u00a0\u00bb{}\u00a0\u00bb button_text_size__hover_enabled=\u00a0\u00bboff\u00a0\u00bb button_one_text_size__hover_enabled=\u00a0\u00bboff\u00a0\u00bb button_two_text_size__hover_enabled=\u00a0\u00bboff\u00a0\u00bb button_text_color__hover_enabled=\u00a0\u00bboff\u00a0\u00bb button_one_text_color__hover_enabled=\u00a0\u00bboff\u00a0\u00bb button_two_text_color__hover_enabled=\u00a0\u00bboff\u00a0\u00bb button_border_width__hover_enabled=\u00a0\u00bboff\u00a0\u00bb button_one_border_width__hover_enabled=\u00a0\u00bboff\u00a0\u00bb button_two_border_width__hover_enabled=\u00a0\u00bboff\u00a0\u00bb button_border_color__hover_enabled=\u00a0\u00bboff\u00a0\u00bb button_one_border_color__hover_enabled=\u00a0\u00bboff\u00a0\u00bb button_two_border_color__hover_enabled=\u00a0\u00bboff\u00a0\u00bb button_border_radius__hover_enabled=\u00a0\u00bboff\u00a0\u00bb button_one_border_radius__hover_enabled=\u00a0\u00bboff\u00a0\u00bb button_two_border_radius__hover_enabled=\u00a0\u00bboff\u00a0\u00bb button_letter_spacing__hover_enabled=\u00a0\u00bboff\u00a0\u00bb button_one_letter_spacing__hover_enabled=\u00a0\u00bboff\u00a0\u00bb button_two_letter_spacing__hover_enabled=\u00a0\u00bboff\u00a0\u00bb button_bg_color__hover_enabled=\u00a0\u00bboff\u00a0\u00bb button_one_bg_color__hover_enabled=\u00a0\u00bboff\u00a0\u00bb button_two_bg_color__hover_enabled=\u00a0\u00bboff\u00a0\u00bb][\/et_pb_contact_field][et_pb_contact_field field_id=\u00a0\u00bbPrenom\u00a0\u00bb field_title=\u00a0\u00bbPr\u00e9nom\u00a0\u00bb _builder_version=\u00a0\u00bb4.24.1&Prime; _module_preset=\u00a0\u00bbdefault\u00a0\u00bb global_colors_info=\u00a0\u00bb{}\u00a0\u00bb][\/et_pb_contact_field][et_pb_contact_field field_id=\u00a0\u00bbEmail\u00a0\u00bb field_title=\u00a0\u00bbE-mail\u00a0\u00bb field_type=\u00a0\u00bbemail\u00a0\u00bb _builder_version=\u00a0\u00bb4.24.1&Prime; global_colors_info=\u00a0\u00bb{}\u00a0\u00bb button_text_size__hover_enabled=\u00a0\u00bboff\u00a0\u00bb button_one_text_size__hover_enabled=\u00a0\u00bboff\u00a0\u00bb button_two_text_size__hover_enabled=\u00a0\u00bboff\u00a0\u00bb button_text_color__hover_enabled=\u00a0\u00bboff\u00a0\u00bb button_one_text_color__hover_enabled=\u00a0\u00bboff\u00a0\u00bb button_two_text_color__hover_enabled=\u00a0\u00bboff\u00a0\u00bb button_border_width__hover_enabled=\u00a0\u00bboff\u00a0\u00bb button_one_border_width__hover_enabled=\u00a0\u00bboff\u00a0\u00bb button_two_border_width__hover_enabled=\u00a0\u00bboff\u00a0\u00bb button_border_color__hover_enabled=\u00a0\u00bboff\u00a0\u00bb button_one_border_color__hover_enabled=\u00a0\u00bboff\u00a0\u00bb button_two_border_color__hover_enabled=\u00a0\u00bboff\u00a0\u00bb button_border_radius__hover_enabled=\u00a0\u00bboff\u00a0\u00bb button_one_border_radius__hover_enabled=\u00a0\u00bboff\u00a0\u00bb button_two_border_radius__hover_enabled=\u00a0\u00bboff\u00a0\u00bb button_letter_spacing__hover_enabled=\u00a0\u00bboff\u00a0\u00bb button_one_letter_spacing__hover_enabled=\u00a0\u00bboff\u00a0\u00bb button_two_letter_spacing__hover_enabled=\u00a0\u00bboff\u00a0\u00bb button_bg_color__hover_enabled=\u00a0\u00bboff\u00a0\u00bb button_one_bg_color__hover_enabled=\u00a0\u00bboff\u00a0\u00bb button_two_bg_color__hover_enabled=\u00a0\u00bboff\u00a0\u00bb][\/et_pb_contact_field][et_pb_contact_field field_id=\u00a0\u00bbTelephone\u00a0\u00bb field_title=\u00a0\u00bbN\u00b0 de t\u00e9l\u00e9phone\u00a0\u00bb _builder_version=\u00a0\u00bb4.24.1&Prime; _module_preset=\u00a0\u00bbdefault\u00a0\u00bb global_colors_info=\u00a0\u00bb{}\u00a0\u00bb][\/et_pb_contact_field][et_pb_contact_field field_id=\u00a0\u00bbOrganisme\u00a0\u00bb field_title=\u00a0\u00bbStructure \/ Organisme\u00a0\u00bb fullwidth_field=\u00a0\u00bbon\u00a0\u00bb _builder_version=\u00a0\u00bb4.24.1&Prime; _module_preset=\u00a0\u00bbdefault\u00a0\u00bb global_colors_info=\u00a0\u00bb{}\u00a0\u00bb][\/et_pb_contact_field][et_pb_contact_field field_id=\u00a0\u00bbExposition\u00a0\u00bb field_title=\u00a0\u00bbPour quelle exposition souhaitez-vous des renseignements ?\u00a0\u00bb fullwidth_field=\u00a0\u00bbon\u00a0\u00bb _builder_version=\u00a0\u00bb4.24.1&Prime; _module_preset=\u00a0\u00bbdefault\u00a0\u00bb global_colors_info=\u00a0\u00bb{}\u00a0\u00bb][\/et_pb_contact_field][et_pb_contact_field field_id=\u00a0\u00bbMessage\u00a0\u00bb field_title=\u00a0\u00bbVotre message\u00a0\u00bb field_type=\u00a0\u00bbtext\u00a0\u00bb fullwidth_field=\u00a0\u00bbon\u00a0\u00bb _builder_version=\u00a0\u00bb4.24.1&Prime; global_colors_info=\u00a0\u00bb{}\u00a0\u00bb button_text_size__hover_enabled=\u00a0\u00bboff\u00a0\u00bb button_one_text_size__hover_enabled=\u00a0\u00bboff\u00a0\u00bb button_two_text_size__hover_enabled=\u00a0\u00bboff\u00a0\u00bb button_text_color__hover_enabled=\u00a0\u00bboff\u00a0\u00bb button_one_text_color__hover_enabled=\u00a0\u00bboff\u00a0\u00bb button_two_text_color__hover_enabled=\u00a0\u00bboff\u00a0\u00bb button_border_width__hover_enabled=\u00a0\u00bboff\u00a0\u00bb button_one_border_width__hover_enabled=\u00a0\u00bboff\u00a0\u00bb button_two_border_width__hover_enabled=\u00a0\u00bboff\u00a0\u00bb button_border_color__hover_enabled=\u00a0\u00bboff\u00a0\u00bb button_one_border_color__hover_enabled=\u00a0\u00bboff\u00a0\u00bb button_two_border_color__hover_enabled=\u00a0\u00bboff\u00a0\u00bb button_border_radius__hover_enabled=\u00a0\u00bboff\u00a0\u00bb button_one_border_radius__hover_enabled=\u00a0\u00bboff\u00a0\u00bb button_two_border_radius__hover_enabled=\u00a0\u00bboff\u00a0\u00bb button_letter_spacing__hover_enabled=\u00a0\u00bboff\u00a0\u00bb button_one_letter_spacing__hover_enabled=\u00a0\u00bboff\u00a0\u00bb button_two_letter_spacing__hover_enabled=\u00a0\u00bboff\u00a0\u00bb button_bg_color__hover_enabled=\u00a0\u00bboff\u00a0\u00bb button_one_bg_color__hover_enabled=\u00a0\u00bboff\u00a0\u00bb button_two_bg_color__hover_enabled=\u00a0\u00bboff\u00a0\u00bb][\/et_pb_contact_field][\/et_pb_contact_form][\/et_pb_column][\/et_pb_row][\/et_pb_section]<\/p>\n","protected":false},"excerpt":{"rendered":"<p>Nos expositions (vente et location)Passionn\u00e9s par le partage des connaissances, nous concevons des expositions \u00e0 la fois p\u00e9dagogiques, ludiques et immersives destin\u00e9es aux mus\u00e9es, m\u00e9diath\u00e8ques, associations, centres de culture scientifique (CCSTI) et tous types de lieux accueillant du public. Nos expositions itin\u00e9rantes sont disponibles \u00e0 la location et \u00e0 la vente.<div class=\"et_pb_module ba_dual_button ba_dual_button_0\">\n\t\t\t\t\n\t\t\t\t\n\t\t\t\t\n\t\t\t\t\n\t\t\t\t\n\t\t\t\t\n\t\t\t\t<div class=\"et_pb_module_inner\">\n\t\t\t\t\t<div class=\"dtq-module dtq-dual-btn\">\n\t\t\t\t<div class=\"dtq-btn-wrap\">\n\t\t\t\t\t<a class=\"et_pb_button btn-el btn-el--primary\" href=\"http:\/\/\u00bb\">\u00bbInformations<\/a> \n\t\t\t\t<\/div>\n\t\t\t\t<div class=\"dtq-btn-wrap\">\n\t\t\t\t\t<a class=\"et_pb_button btn-el btn-el--secondary\" href=\"http:\/\/@ET-DC@eyJkeW5hbWljIjp0cnVlLCJjb250ZW50IjoicG9zdF9saW5rX3VybF9wYWdlIiwic2V0dGluZ3MiOnsicG9zdF9pZCI6IjE4OTYifX0=@\">\u00bbAcheter<\/a>\n\t\t\t\t<\/div>\n\t\t\t<\/div>\n\t\t\t\t<\/div>\n\t\t\t<\/div><\/p>\n","protected":false},"author":4,"featured_media":0,"parent":0,"menu_order":0,"comment_status":"closed","ping_status":"closed","template":"","meta":{"_et_pb_use_builder":"on","_et_pb_old_content":"","_et_gb_content_width":"","footnotes":""},"class_list":["post-1798","page","type-page","status-publish","hentry"],"_links":{"self":[{"href":"https:\/\/synops-editions.fr\/WP\/wp-json\/wp\/v2\/pages\/1798","targetHints":{"allow":["GET"]}}],"collection":[{"href":"https:\/\/synops-editions.fr\/WP\/wp-json\/wp\/v2\/pages"}],"about":[{"href":"https:\/\/synops-editions.fr\/WP\/wp-json\/wp\/v2\/types\/page"}],"author":[{"embeddable":true,"href":"https:\/\/synops-editions.fr\/WP\/wp-json\/wp\/v2\/users\/4"}],"replies":[{"embeddable":true,"href":"https:\/\/synops-editions.fr\/WP\/wp-json\/wp\/v2\/comments?post=1798"}],"version-history":[{"count":63,"href":"https:\/\/synops-editions.fr\/WP\/wp-json\/wp\/v2\/pages\/1798\/revisions"}],"predecessor-version":[{"id":5469,"href":"https:\/\/synops-editions.fr\/WP\/wp-json\/wp\/v2\/pages\/1798\/revisions\/5469"}],"wp:attachment":[{"href":"https:\/\/synops-editions.fr\/WP\/wp-json\/wp\/v2\/media?parent=1798"}],"curies":[{"name":"wp","href":"https:\/\/api.w.org\/{rel}","templated":true}]}}