{"id":1896,"date":"2024-01-25T11:27:42","date_gmt":"2024-01-25T10:27:42","guid":{"rendered":"http:\/\/synops-editions.fr\/WP\/?page_id=1896"},"modified":"2024-04-11T09:29:24","modified_gmt":"2024-04-11T07:29:24","slug":"nos-livres","status":"publish","type":"page","link":"https:\/\/synops-editions.fr\/WP\/nos-livres\/","title":{"rendered":"Nos livres"},"content":{"rendered":"<p>[et_pb_section fb_built=\u00a0\u00bb1&Prime; custom_padding_last_edited=\u00a0\u00bbon|desktop\u00a0\u00bb _builder_version=\u00a0\u00bb4.24.0&Prime; _module_preset=\u00a0\u00bbdefault\u00a0\u00bb custom_padding_tablet=\u00a0\u00bb0px||0px||false|false\u00a0\u00bb custom_padding_phone=\u00a0\u00bb0px||0px||false|false\u00a0\u00bb da_disable_devices=\u00a0\u00bboff|off|off\u00a0\u00bb global_colors_info=\u00a0\u00bb{}\u00a0\u00bb da_is_popup=\u00a0\u00bboff\u00a0\u00bb da_exit_intent=\u00a0\u00bboff\u00a0\u00bb da_has_close=\u00a0\u00bbon\u00a0\u00bb da_alt_close=\u00a0\u00bboff\u00a0\u00bb da_dark_close=\u00a0\u00bboff\u00a0\u00bb da_not_modal=\u00a0\u00bbon\u00a0\u00bb da_is_singular=\u00a0\u00bboff\u00a0\u00bb da_with_loader=\u00a0\u00bboff\u00a0\u00bb da_has_shadow=\u00a0\u00bbon\u00a0\u00bb][et_pb_row _builder_version=\u00a0\u00bb4.23.4&Prime; _module_preset=\u00a0\u00bbdefault\u00a0\u00bb global_colors_info=\u00a0\u00bb{}\u00a0\u00bb][et_pb_column type=\u00a0\u00bb4_4&Prime; _builder_version=\u00a0\u00bb4.23.4&Prime; _module_preset=\u00a0\u00bbdefault\u00a0\u00bb global_colors_info=\u00a0\u00bb{}\u00a0\u00bb][et_pb_text _builder_version=\u00a0\u00bb4.24.0&Prime; _module_preset=\u00a0\u00bbdefault\u00a0\u00bb custom_margin=\u00a0\u00bb||||false|false\u00a0\u00bb custom_padding=\u00a0\u00bb||||false|false\u00a0\u00bb animation_style=\u00a0\u00bbfade\u00a0\u00bb animation_direction=\u00a0\u00bbleft\u00a0\u00bb global_colors_info=\u00a0\u00bb{}\u00a0\u00bb]<\/p>\n<h1>Nos livres<\/h1>\n<p>[\/et_pb_text][et_pb_text _builder_version=\u00a0\u00bb4.24.2&Prime; _module_preset=\u00a0\u00bbdefault\u00a0\u00bb text_font_size=\u00a0\u00bb22px\u00a0\u00bb custom_margin=\u00a0\u00bb||||false|false\u00a0\u00bb custom_padding=\u00a0\u00bb|35vw|||false|false\u00a0\u00bb custom_padding_tablet=\u00a0\u00bb|0vw|||false|false\u00a0\u00bb custom_padding_phone=\u00a0\u00bb|0vw|||false|false\u00a0\u00bb custom_padding_last_edited=\u00a0\u00bbon|desktop\u00a0\u00bb animation_style=\u00a0\u00bbfade\u00a0\u00bb animation_delay=\u00a0\u00bb150ms\u00a0\u00bb global_colors_info=\u00a0\u00bb{}\u00a0\u00bb]<\/p>\n<p>Nos ouvrages grand-public sont richement illustr\u00e9s, p\u00e9dagogiques et grand public. Ils sont consacr\u00e9s \u00e0 des sujets vari\u00e9s, et sont disponibles en librairie et sur les plateformes de vente en ligne. Nous r\u00e9alisons \u00e9galement des catalogues ou ouvrages sur mesure.<\/p>\n<p>[\/et_pb_text][\/et_pb_column][\/et_pb_row][et_pb_row custom_padding_last_edited=\u00a0\u00bbon|phone\u00a0\u00bb _builder_version=\u00a0\u00bb4.24.0&Prime; _module_preset=\u00a0\u00bbdefault\u00a0\u00bb custom_padding_tablet=\u00a0\u00bb||0px||false|false\u00a0\u00bb custom_padding_phone=\u00a0\u00bb||0px||false|false\u00a0\u00bb global_colors_info=\u00a0\u00bb{}\u00a0\u00bb][et_pb_column type=\u00a0\u00bb4_4&Prime; _builder_version=\u00a0\u00bb4.23.4&Prime; _module_preset=\u00a0\u00bbdefault\u00a0\u00bb global_colors_info=\u00a0\u00bb{}\u00a0\u00bb][dnxte_content_toggle dnxte_heading_left=\u00a0\u00bb\u00c9ditions Synops\u00a0\u00bb content_type_left=\u00a0\u00bblibrary\u00a0\u00bb library_id_left=\u00a0\u00bb5166&Prime; dnxte_heading_right=\u00a0\u00bbOuvrages %22Sur mesure%22&Prime; content_type_right=\u00a0\u00bblibrary\u00a0\u00bb library_id_right=\u00a0\u00bb5167&Prime; switcher_size=\u00a0\u00bb12px\u00a0\u00bb switch_alignment=\u00a0\u00bbleft\u00a0\u00bb switch_primary_bg_color=\u00a0\u00bb#453951&Prime; switch_inner_bg_color=\u00a0\u00bb#22ABA6&Prime; switch_round_btn_bg_color=\u00a0\u00bb#FFF5ED\u00a0\u00bb switcher_size_tablet=\u00a0\u00bb9px\u00a0\u00bb switcher_size_phone=\u00a0\u00bb8px\u00a0\u00bb switcher_size_last_edited=\u00a0\u00bbon|phone\u00a0\u00bb _builder_version=\u00a0\u00bb4.24.2&Prime; _module_preset=\u00a0\u00bbdefault\u00a0\u00bb heding_left_font=\u00a0\u00bb||||||||\u00a0\u00bb heding_left_text_color=\u00a0\u00bb#000000&Prime; heding_left_font_size=\u00a0\u00bb20px\u00a0\u00bb heding_right_text_color=\u00a0\u00bb#000000&Prime; heding_right_font_size=\u00a0\u00bb20px\u00a0\u00bb custom_padding=\u00a0\u00bb2vw||2vw||false|false\u00a0\u00bb custom_padding_tablet=\u00a0\u00bb4vw||4vw||false|false\u00a0\u00bb custom_padding_phone=\u00a0\u00bb8vw||8vw||false|false\u00a0\u00bb custom_padding_last_edited=\u00a0\u00bbon|phone\u00a0\u00bb animation_style=\u00a0\u00bbfade\u00a0\u00bb animation_delay=\u00a0\u00bb100ms\u00a0\u00bb hover_enabled=\u00a0\u00bb0&Prime; heding_left_font_size_tablet=\u00a0\u00bb17px\u00a0\u00bb heding_left_font_size_phone=\u00a0\u00bb14px\u00a0\u00bb heding_left_font_size_last_edited=\u00a0\u00bbon|tablet\u00a0\u00bb heding_right_font_size_tablet=\u00a0\u00bb17px\u00a0\u00bb heding_right_font_size_phone=\u00a0\u00bb14px\u00a0\u00bb heding_right_font_size_last_edited=\u00a0\u00bbon|phone\u00a0\u00bb border_color_all_switcher_borders=\u00a0\u00bb#453951&Prime; global_colors_info=\u00a0\u00bb{}\u00a0\u00bb sticky_enabled=\u00a0\u00bb0&Prime;][\/dnxte_content_toggle][\/et_pb_column][\/et_pb_row][\/et_pb_section]<\/p>\n","protected":false},"excerpt":{"rendered":"<p>Nos livresNos ouvrages grand-public sont richement illustr\u00e9s, p\u00e9dagogiques et grand public. Ils sont consacr\u00e9s \u00e0 des sujets vari\u00e9s, et sont disponibles en librairie et sur les plateformes de vente en ligne. Nous r\u00e9alisons \u00e9galement des catalogues ou ouvrages sur mesure.<div class=\"et_pb_module dnxte_content_toggle dnxte_content_toggle_0\">\n\t\t\t\t\n\t\t\t\t\n\t\t\t\t\n\t\t\t\t\n\t\t\t\t\n\t\t\t\t\n\t\t\t\t<div class=\"et_pb_module_inner\">\n\t\t\t\t\t<div class=\"dnxte-content-toggle\">\r\n\t\t\t\t<div class=\"dnxte-content-toggle-header\">\r\n\t\t\t\t\t<div class=\"dnxte-toggle dnxte_switch_alignment_\u00bbleft\">\r\n\t\t\t\t\t\t<div class=\"dnxte-toggle-left\">\r\n\t\t\t\t\t\t\t<div class=\"dnxte-toggle-head-one\">\r\n\t\t\t\t\t\t\t\t<label for=\"dnxte-input-dnxte_content_toggle_0\">\u00bb\u00c9ditions<\/label>\r\n\t\t\t\t\t\t\t<\/div>\r\n\t\t\t\t\t\t<\/div>\r\n\t\t\t\t\t\t<div class=\"dnxte-toggle-btn\">\r\n\t\t\t\t<label class=\"dnxte-switch-label\" for=\"dnxte-input-dnxte_content_toggle_0\">\r\n\t\t\t\t\t<input id=\"dnxte-input-dnxte_content_toggle_0\" class=\"dnxte-input dnxte-toggle-switch\" type=\"checkbox\">\r\n\t\t\t\t\t<span class=\"dnxte-switch-inner\"><\/span>\r\n\t\t\t\t<\/label>\r\n\t\t\t<\/div>\r\n\t\t\t\t\t\t<div class=\"dnxte-toggle-right\">\r\n\t\t\t\t\t\t\t<div class=\"dnxte-toggle-head-two\">\r\n\t\t\t\t\t\t\t\t<label for=\"dnxte-input-dnxte_content_toggle_0\">\u00bbOuvrages<\/label>\r\n\t\t\t\t\t\t\t<\/div>\r\n\t\t\t\t\t\t<\/div>\r\n\t\t\t\t\t<\/div>\r\n\t\t\t\t<\/div>\r\n\t\t\t\t<div class=\"dnxte-content-toggle-body\">\r\n\t\t\t\t\t<div class=\"dnxte-content-toggle-front\">\r\n\t\t\t\t\t<div id=\"popupexpo\" class=\"et_pb_with_border et_pb_section et_pb_section_1 popup single et_pb_with_background et_section_regular\" >\n\t\t\t\t\n\t\t\t\t\n\t\t\t\t\n\t\t\t\t\n\t\t\t\t\n\t\t\t\t\n\t\t\t\t<div class=\"et_pb_with_border et_pb_row et_pb_row_0\">\n\t\t\t\t<div class=\"et_pb_column et_pb_column_4_4 et_pb_column_0  et_pb_css_mix_blend_mode_passthrough et-last-child\">\n\t\t\t\t\n\t\t\t\t\n\t\t\t\t\n\t\t\t\t\n\t\t\t\t\n\t\t\t<div id=\"et_pb_contact_form_0\" class=\"et_pb_with_border et_pb_module et_pb_contact_form_0 et_animated et_pb_contact_form_container clearfix\" data-form_unique_num=\"0\" data-form_unique_id=\"eb6aee2f-4a47-471e-9e03-40d79b78acf3\">\n\t\t\t\t\n\t\t\t\t\n\t\t\t\t\n\t\t\t\t\n\t\t\t\t<h1 class=\"et_pb_contact_main_title\">Vous souhaitez acheter ou louer cette exposition ? <\/h1>\n\t\t\t\t<div class=\"et-pb-contact-message\"><\/div>\n\t\t\t\t\n\t\t\t\t<div class=\"et_pb_contact\">\n\t\t\t\t\t<form class=\"et_pb_contact_form clearfix\" method=\"post\" action=\"https:\/\/synops-editions.fr\/WP\/wp-json\/wp\/v2\/pages\/1896\">\n\t\t\t\t\t\t<p class=\"et_pb_contact_field et_pb_contact_field_0 et_pb_contact_field_half\" data-id=\"nom\" data-type=\"input\">\n\t\t\t\t\n\t\t\t\t\n\t\t\t\t\n\t\t\t\t\n\t\t\t\t<label for=\"et_pb_contact_nom_0\" class=\"et_pb_contact_form_label\">Nom<\/label>\n\t\t\t\t<input type=\"text\" id=\"et_pb_contact_nom_0\" class=\"input\" value=\"\" name=\"et_pb_contact_nom_0\" data-required_mark=\"required\" data-field_type=\"input\" data-original_id=\"nom\" placeholder=\"Nom\">\n\t\t\t<\/p><p class=\"et_pb_contact_field et_pb_contact_field_1 et_pb_contact_field_half et_pb_contact_field_last\" data-id=\"prenom\" data-type=\"input\">\n\t\t\t\t\n\t\t\t\t\n\t\t\t\t\n\t\t\t\t\n\t\t\t\t<label for=\"et_pb_contact_prenom_0\" class=\"et_pb_contact_form_label\">Pr\u00e9nom<\/label>\n\t\t\t\t<input type=\"text\" id=\"et_pb_contact_prenom_0\" class=\"input\" value=\"\" name=\"et_pb_contact_prenom_0\" data-required_mark=\"required\" data-field_type=\"input\" data-original_id=\"prenom\" placeholder=\"Pr\u00e9nom\">\n\t\t\t<\/p><p class=\"et_pb_contact_field et_pb_contact_field_2 et_pb_contact_field_half\" data-id=\"email\" data-type=\"email\">\n\t\t\t\t\n\t\t\t\t\n\t\t\t\t\n\t\t\t\t\n\t\t\t\t<label for=\"et_pb_contact_email_0\" class=\"et_pb_contact_form_label\">E-mail<\/label>\n\t\t\t\t<input type=\"text\" id=\"et_pb_contact_email_0\" class=\"input\" value=\"\" name=\"et_pb_contact_email_0\" data-required_mark=\"required\" data-field_type=\"email\" data-original_id=\"email\" placeholder=\"E-mail\">\n\t\t\t<\/p><p class=\"et_pb_contact_field et_pb_contact_field_3 et_pb_contact_field_half et_pb_contact_field_last\" data-id=\"telephone\" data-type=\"input\">\n\t\t\t\t\n\t\t\t\t\n\t\t\t\t\n\t\t\t\t\n\t\t\t\t<label for=\"et_pb_contact_telephone_0\" class=\"et_pb_contact_form_label\">N\u00b0 de t\u00e9l\u00e9phone<\/label>\n\t\t\t\t<input type=\"text\" id=\"et_pb_contact_telephone_0\" class=\"input\" value=\"\" name=\"et_pb_contact_telephone_0\" data-required_mark=\"required\" data-field_type=\"input\" data-original_id=\"telephone\" placeholder=\"N\u00b0 de t\u00e9l\u00e9phone\">\n\t\t\t<\/p><p class=\"et_pb_contact_field et_pb_contact_field_4 et_pb_contact_field_last\" data-id=\"organisme\" data-type=\"input\">\n\t\t\t\t\n\t\t\t\t\n\t\t\t\t\n\t\t\t\t\n\t\t\t\t<label for=\"et_pb_contact_organisme_0\" class=\"et_pb_contact_form_label\">Structure \/ Organisme<\/label>\n\t\t\t\t<input type=\"text\" id=\"et_pb_contact_organisme_0\" class=\"input\" value=\"\" name=\"et_pb_contact_organisme_0\" data-required_mark=\"required\" data-field_type=\"input\" data-original_id=\"organisme\" placeholder=\"Structure \/ Organisme\">\n\t\t\t<\/p><p class=\"et_pb_contact_field et_pb_contact_field_5 et_pb_contact_field_last\" data-id=\"exposition\" data-type=\"input\">\n\t\t\t\t\n\t\t\t\t\n\t\t\t\t\n\t\t\t\t\n\t\t\t\t<label for=\"et_pb_contact_exposition_0\" class=\"et_pb_contact_form_label\">Pour quelle exposition souhaitez-vous des renseignements ?<\/label>\n\t\t\t\t<input type=\"text\" id=\"et_pb_contact_exposition_0\" class=\"input\" value=\"\" name=\"et_pb_contact_exposition_0\" data-required_mark=\"required\" data-field_type=\"input\" data-original_id=\"exposition\" placeholder=\"Pour quelle exposition souhaitez-vous des renseignements ?\">\n\t\t\t<\/p><p class=\"et_pb_contact_field et_pb_contact_field_6 et_pb_contact_field_last\" data-id=\"message\" data-type=\"text\">\n\t\t\t\t\n\t\t\t\t\n\t\t\t\t\n\t\t\t\t\n\t\t\t\t<label for=\"et_pb_contact_message_0\" class=\"et_pb_contact_form_label\">Votre message<\/label>\n\t\t\t\t<textarea name=\"et_pb_contact_message_0\" id=\"et_pb_contact_message_0\" class=\"et_pb_contact_message input\" data-required_mark=\"required\" data-field_type=\"text\" data-original_id=\"message\" placeholder=\"Votre message\"><\/textarea>\n\t\t\t<\/p>\n\t\t\t\t\t\t<input type=\"hidden\" value=\"et_contact_proccess\" name=\"et_pb_contactform_submit_0\"\/>\n\t\t\t\t\t\t<div class=\"et_contact_bottom_container\">\n\t\t\t\t\t\t\t\n\t\t\t<div class=\"et_pb_contact_right\">\n\t\t\t\t<p class=\"clearfix\">\n\t\t\t\t\t<span class=\"et_pb_contact_captcha_question\">5 + 10<\/span> = <input type=\"text\" size=\"2\" class=\"input et_pb_contact_captcha\" data-first_digit=\"5\" data-second_digit=\"10\" value=\"\" name=\"et_pb_contact_captcha_0\" data-required_mark=\"required\" autocomplete=\"off\">\n\t\t\t\t<\/p>\n\t\t\t<\/div>\n\t\t\t\t\t\t\t<button type=\"submit\" name=\"et_builder_submit_button\" class=\"et_pb_contact_submit et_pb_button\">Envoyer<\/button>\n\t\t\t\t\t\t<\/div>\n\t\t\t\t\t\t<input type=\"hidden\" id=\"_wpnonce-et-pb-contact-form-submitted-0\" name=\"_wpnonce-et-pb-contact-form-submitted-0\" value=\"ff40517098\" \/><input type=\"hidden\" name=\"_wp_http_referer\" value=\"\/WP\/wp-json\/wp\/v2\/pages\/1896\" \/>\n\t\t\t\t\t<\/form>\n\t\t\t\t<\/div>\n\t\t\t<\/div>\n\t\t\t\n\t\t\t<\/div>\n\t\t\t\t\n\t\t\t\t\n\t\t\t\t\n\t\t\t\t\n\t\t\t<\/div>\n\t\t\t\t\n\t\t\t\t\n\t\t\t<\/div>\r\n\t\t\t\t<\/div>\r\n\t\t\t\t\t<div class=\"dnxte-content-toggle-back\">\r\n\t\t\t\t\t<div id=\"popupexpo\" class=\"et_pb_with_border et_pb_section et_pb_section_3 popup single et_pb_with_background et_section_regular\" >\n\t\t\t\t\n\t\t\t\t\n\t\t\t\t\n\t\t\t\t\n\t\t\t\t\n\t\t\t\t\n\t\t\t\t<div class=\"et_pb_with_border et_pb_row et_pb_row_1\">\n\t\t\t\t<div class=\"et_pb_column et_pb_column_4_4 et_pb_column_1  et_pb_css_mix_blend_mode_passthrough et-last-child\">\n\t\t\t\t\n\t\t\t\t\n\t\t\t\t\n\t\t\t\t\n\t\t\t\t\n\t\t\t<div id=\"et_pb_contact_form_1\" class=\"et_pb_with_border et_pb_module et_pb_contact_form_1 et_animated et_pb_contact_form_container clearfix\" data-form_unique_num=\"1\" data-form_unique_id=\"eb6aee2f-4a47-471e-9e03-40d79b78acf3\">\n\t\t\t\t\n\t\t\t\t\n\t\t\t\t\n\t\t\t\t\n\t\t\t\t<h1 class=\"et_pb_contact_main_title\">Vous souhaitez acheter ou louer cette exposition ? <\/h1>\n\t\t\t\t<div class=\"et-pb-contact-message\"><\/div>\n\t\t\t\t\n\t\t\t\t<div class=\"et_pb_contact\">\n\t\t\t\t\t<form class=\"et_pb_contact_form clearfix\" method=\"post\" action=\"https:\/\/synops-editions.fr\/WP\/wp-json\/wp\/v2\/pages\/1896\">\n\t\t\t\t\t\t<p class=\"et_pb_contact_field et_pb_contact_field_7 et_pb_contact_field_half\" data-id=\"nom\" data-type=\"input\">\n\t\t\t\t\n\t\t\t\t\n\t\t\t\t\n\t\t\t\t\n\t\t\t\t<label for=\"et_pb_contact_nom_1\" class=\"et_pb_contact_form_label\">Nom<\/label>\n\t\t\t\t<input type=\"text\" id=\"et_pb_contact_nom_1\" class=\"input\" value=\"\" name=\"et_pb_contact_nom_1\" data-required_mark=\"required\" data-field_type=\"input\" data-original_id=\"nom\" placeholder=\"Nom\">\n\t\t\t<\/p><p class=\"et_pb_contact_field et_pb_contact_field_8 et_pb_contact_field_half et_pb_contact_field_last\" data-id=\"prenom\" data-type=\"input\">\n\t\t\t\t\n\t\t\t\t\n\t\t\t\t\n\t\t\t\t\n\t\t\t\t<label for=\"et_pb_contact_prenom_1\" class=\"et_pb_contact_form_label\">Pr\u00e9nom<\/label>\n\t\t\t\t<input type=\"text\" id=\"et_pb_contact_prenom_1\" class=\"input\" value=\"\" name=\"et_pb_contact_prenom_1\" data-required_mark=\"required\" data-field_type=\"input\" data-original_id=\"prenom\" placeholder=\"Pr\u00e9nom\">\n\t\t\t<\/p><p class=\"et_pb_contact_field et_pb_contact_field_9 et_pb_contact_field_half\" data-id=\"email\" data-type=\"email\">\n\t\t\t\t\n\t\t\t\t\n\t\t\t\t\n\t\t\t\t\n\t\t\t\t<label for=\"et_pb_contact_email_1\" class=\"et_pb_contact_form_label\">E-mail<\/label>\n\t\t\t\t<input type=\"text\" id=\"et_pb_contact_email_1\" class=\"input\" value=\"\" name=\"et_pb_contact_email_1\" data-required_mark=\"required\" data-field_type=\"email\" data-original_id=\"email\" placeholder=\"E-mail\">\n\t\t\t<\/p><p class=\"et_pb_contact_field et_pb_contact_field_10 et_pb_contact_field_half et_pb_contact_field_last\" data-id=\"telephone\" data-type=\"input\">\n\t\t\t\t\n\t\t\t\t\n\t\t\t\t\n\t\t\t\t\n\t\t\t\t<label for=\"et_pb_contact_telephone_1\" class=\"et_pb_contact_form_label\">N\u00b0 de t\u00e9l\u00e9phone<\/label>\n\t\t\t\t<input type=\"text\" id=\"et_pb_contact_telephone_1\" class=\"input\" value=\"\" name=\"et_pb_contact_telephone_1\" data-required_mark=\"required\" data-field_type=\"input\" data-original_id=\"telephone\" placeholder=\"N\u00b0 de t\u00e9l\u00e9phone\">\n\t\t\t<\/p><p class=\"et_pb_contact_field et_pb_contact_field_11 et_pb_contact_field_last\" data-id=\"organisme\" data-type=\"input\">\n\t\t\t\t\n\t\t\t\t\n\t\t\t\t\n\t\t\t\t\n\t\t\t\t<label for=\"et_pb_contact_organisme_1\" class=\"et_pb_contact_form_label\">Structure \/ Organisme<\/label>\n\t\t\t\t<input type=\"text\" id=\"et_pb_contact_organisme_1\" class=\"input\" value=\"\" name=\"et_pb_contact_organisme_1\" data-required_mark=\"required\" data-field_type=\"input\" data-original_id=\"organisme\" placeholder=\"Structure \/ Organisme\">\n\t\t\t<\/p><p class=\"et_pb_contact_field et_pb_contact_field_12 et_pb_contact_field_last\" data-id=\"exposition\" data-type=\"input\">\n\t\t\t\t\n\t\t\t\t\n\t\t\t\t\n\t\t\t\t\n\t\t\t\t<label for=\"et_pb_contact_exposition_1\" class=\"et_pb_contact_form_label\">Pour quelle exposition souhaitez-vous des renseignements ?<\/label>\n\t\t\t\t<input type=\"text\" id=\"et_pb_contact_exposition_1\" class=\"input\" value=\"\" name=\"et_pb_contact_exposition_1\" data-required_mark=\"required\" data-field_type=\"input\" data-original_id=\"exposition\" placeholder=\"Pour quelle exposition souhaitez-vous des renseignements ?\">\n\t\t\t<\/p><p class=\"et_pb_contact_field et_pb_contact_field_13 et_pb_contact_field_last\" data-id=\"message\" data-type=\"text\">\n\t\t\t\t\n\t\t\t\t\n\t\t\t\t\n\t\t\t\t\n\t\t\t\t<label for=\"et_pb_contact_message_1\" class=\"et_pb_contact_form_label\">Votre message<\/label>\n\t\t\t\t<textarea name=\"et_pb_contact_message_1\" id=\"et_pb_contact_message_1\" class=\"et_pb_contact_message input\" data-required_mark=\"required\" data-field_type=\"text\" data-original_id=\"message\" placeholder=\"Votre message\"><\/textarea>\n\t\t\t<\/p>\n\t\t\t\t\t\t<input type=\"hidden\" value=\"et_contact_proccess\" name=\"et_pb_contactform_submit_1\"\/>\n\t\t\t\t\t\t<div class=\"et_contact_bottom_container\">\n\t\t\t\t\t\t\t\n\t\t\t<div class=\"et_pb_contact_right\">\n\t\t\t\t<p class=\"clearfix\">\n\t\t\t\t\t<span class=\"et_pb_contact_captcha_question\">3 + 5<\/span> = <input type=\"text\" size=\"2\" class=\"input et_pb_contact_captcha\" data-first_digit=\"3\" data-second_digit=\"5\" value=\"\" name=\"et_pb_contact_captcha_1\" data-required_mark=\"required\" autocomplete=\"off\">\n\t\t\t\t<\/p>\n\t\t\t<\/div>\n\t\t\t\t\t\t\t<button type=\"submit\" name=\"et_builder_submit_button\" class=\"et_pb_contact_submit et_pb_button\">Envoyer<\/button>\n\t\t\t\t\t\t<\/div>\n\t\t\t\t\t\t<input type=\"hidden\" id=\"_wpnonce-et-pb-contact-form-submitted-1\" name=\"_wpnonce-et-pb-contact-form-submitted-1\" value=\"ff40517098\" \/><input type=\"hidden\" name=\"_wp_http_referer\" value=\"\/WP\/wp-json\/wp\/v2\/pages\/1896\" \/>\n\t\t\t\t\t<\/form>\n\t\t\t\t<\/div>\n\t\t\t<\/div>\n\t\t\t\n\t\t\t<\/div>\n\t\t\t\t\n\t\t\t\t\n\t\t\t\t\n\t\t\t\t\n\t\t\t<\/div>\n\t\t\t\t\n\t\t\t\t\n\t\t\t<\/div>\r\n\t\t\t\t<\/div>\r\n\t\t\t\t<\/div>\r\n\t\t\t<\/div>\n\t\t\t\t<\/div>\n\t\t\t<\/div><\/p>\n","protected":false},"author":2,"featured_media":0,"parent":0,"menu_order":0,"comment_status":"closed","ping_status":"closed","template":"","meta":{"_et_pb_use_builder":"on","_et_pb_old_content":"","_et_gb_content_width":"","footnotes":""},"class_list":["post-1896","page","type-page","status-publish","hentry"],"_links":{"self":[{"href":"https:\/\/synops-editions.fr\/WP\/wp-json\/wp\/v2\/pages\/1896","targetHints":{"allow":["GET"]}}],"collection":[{"href":"https:\/\/synops-editions.fr\/WP\/wp-json\/wp\/v2\/pages"}],"about":[{"href":"https:\/\/synops-editions.fr\/WP\/wp-json\/wp\/v2\/types\/page"}],"author":[{"embeddable":true,"href":"https:\/\/synops-editions.fr\/WP\/wp-json\/wp\/v2\/users\/2"}],"replies":[{"embeddable":true,"href":"https:\/\/synops-editions.fr\/WP\/wp-json\/wp\/v2\/comments?post=1896"}],"version-history":[{"count":45,"href":"https:\/\/synops-editions.fr\/WP\/wp-json\/wp\/v2\/pages\/1896\/revisions"}],"predecessor-version":[{"id":5467,"href":"https:\/\/synops-editions.fr\/WP\/wp-json\/wp\/v2\/pages\/1896\/revisions\/5467"}],"wp:attachment":[{"href":"https:\/\/synops-editions.fr\/WP\/wp-json\/wp\/v2\/media?parent=1896"}],"curies":[{"name":"wp","href":"https:\/\/api.w.org\/{rel}","templated":true}]}}