{"id":3,"date":"2023-09-09T14:29:17","date_gmt":"2023-09-09T12:29:17","guid":{"rendered":"http:\/\/synops-editions.fr\/WP\/?page_id=3"},"modified":"2024-03-28T14:22:27","modified_gmt":"2024-03-28T13:22:27","slug":"politique-de-confidentialite","status":"publish","type":"page","link":"https:\/\/synops-editions.fr\/WP\/politique-de-confidentialite\/","title":{"rendered":"Politique de confidentialit\u00e9"},"content":{"rendered":"<p>[et_pb_section fb_built=\u00a0\u00bb1&Prime; _builder_version=\u00a0\u00bb4.16&Prime; da_disable_devices=\u00a0\u00bboff|off|off\u00a0\u00bb global_colors_info=\u00a0\u00bb{}\u00a0\u00bb da_is_popup=\u00a0\u00bboff\u00a0\u00bb da_exit_intent=\u00a0\u00bboff\u00a0\u00bb da_has_close=\u00a0\u00bbon\u00a0\u00bb da_alt_close=\u00a0\u00bboff\u00a0\u00bb da_dark_close=\u00a0\u00bboff\u00a0\u00bb da_not_modal=\u00a0\u00bbon\u00a0\u00bb da_is_singular=\u00a0\u00bboff\u00a0\u00bb da_with_loader=\u00a0\u00bboff\u00a0\u00bb da_has_shadow=\u00a0\u00bbon\u00a0\u00bb][et_pb_row _builder_version=\u00a0\u00bb4.24.2&Prime; _module_preset=\u00a0\u00bbdefault\u00a0\u00bb global_colors_info=\u00a0\u00bb{}\u00a0\u00bb][et_pb_column type=\u00a0\u00bb4_4&Prime; _builder_version=\u00a0\u00bb4.24.2&Prime; _module_preset=\u00a0\u00bbdefault\u00a0\u00bb global_colors_info=\u00a0\u00bb{}\u00a0\u00bb][et_pb_text _builder_version=\u00a0\u00bb4.24.2&Prime; _module_preset=\u00a0\u00bbdefault\u00a0\u00bb global_colors_info=\u00a0\u00bb{}\u00a0\u00bb content__hover_enabled=\u00a0\u00bbon|hover\u00a0\u00bb content__hover=\u00a0\u00bb<\/p>\n<h1>Politique de confidentialit\u00e9 du site Synops-editions.fr<\/h1>\n<p>\u00ab\u00a0]<\/p>\n<h1>Politique de confidentialit\u00e9 du site Synops-editions.fr<\/h1>\n<p>[\/et_pb_text][\/et_pb_column][\/et_pb_row][et_pb_row _builder_version=\u00a0\u00bb4.24.2&Prime; _module_preset=\u00a0\u00bbdefault\u00a0\u00bb global_colors_info=\u00a0\u00bb{}\u00a0\u00bb][et_pb_column type=\u00a0\u00bb4_4&Prime; _builder_version=\u00a0\u00bb4.24.2&Prime; _module_preset=\u00a0\u00bbdefault\u00a0\u00bb global_colors_info=\u00a0\u00bb{}\u00a0\u00bb][et_pb_text _builder_version=\u00a0\u00bb4.24.2&Prime; _module_preset=\u00a0\u00bbdefault\u00a0\u00bb custom_padding=\u00a0\u00bb|25vw||2vw|false|false\u00a0\u00bb hover_enabled=\u00a0\u00bb0&Prime; global_colors_info=\u00a0\u00bb{}\u00a0\u00bb sticky_enabled=\u00a0\u00bb0&Prime;]<\/p>\n<h2>I\/L\u2019objectif de la politique de confidentialit\u00e9<\/h2>\n<p>&nbsp;<\/p>\n<p>Cette politique de confidentialit\u00e9 est \u00e9tablie dans le but d\u2019informer les utilisateurs du site Synops-editions.fr, poss\u00e9d\u00e9 et g\u00e9r\u00e9 par Synops \u00e9ditions, des modalit\u00e9s suivantes :<\/p>\n<p>&#8211; Les donn\u00e9es personnelles recueillies par le site internet<\/p>\n<p>&#8211; L\u2019utilisation faite de ces donn\u00e9es<\/p>\n<p>&#8211; L\u2019acc\u00e8s \u00e0 ces donn\u00e9es<\/p>\n<p>&#8211; Les droits que poss\u00e8dent les utilisateurs du site<\/p>\n<p>&#8211; La politique li\u00e9e \u00e0 l\u2019utilisation de cookies<\/p>\n<p>Cette politique de confidentialit\u00e9 fonctionne parall\u00e8lement aux conditions g\u00e9n\u00e9rales du site Synops-editions.fr.<\/p>\n<h2>II \/ Lois applicables<\/h2>\n<p>&nbsp;<\/p>\n<p>Conform\u00e9ment au R\u00e8glement G\u00e9n\u00e9ral sur la Protection des Donn\u00e9es, cette politique de confidentialit\u00e9 est sujette aux r\u00e8glements suivants :<\/p>\n<p>Les donn\u00e9es personnelles sont :<\/p>\n<p>&#8211; trait\u00e9es de mani\u00e8re licite et transparente ;<\/p>\n<p>&#8211; collect\u00e9es \u00e0 des fins d\u00e9termin\u00e9es, explicites et l\u00e9gitimes, et ne seront pas trait\u00e9es ult\u00e9rieurement d\u2019une mani\u00e8re incompatible avec ces fins. Conform\u00e9ment \u00e0 l\u2019article 89, paragraphe 1 du RGPD, le stockage et le traitement de ces donn\u00e9es \u00e0 des fins archivistiques dans l\u2019int\u00e9r\u00eat public, \u00e0 des fins de recherche scientifique ou historique ou \u00e0 des fins statistiques, n\u2019est pas consid\u00e9r\u00e9 comme incompatible avec les finalit\u00e9s initiales ;<\/p>\n<p>&#8211; ad\u00e9quates, pertinentes et limit\u00e9es \u00e0 ce qui est n\u00e9cessaire dans le cadre des finalit\u00e9s pour lesquelles elles sont trait\u00e9es ;<\/p>\n<p>&#8211; exactes, et si n\u00e9cessaires tenues \u00e0 jour. Toutes les mesures raisonnables seront prises pour corriger des donn\u00e9es incorrectes au regard de la finalit\u00e9 pour laquelle celles-ci sont collect\u00e9es ;<\/p>\n<p>&#8211; conserv\u00e9es sous une forme permettant l\u2019identification des personnes concern\u00e9es pour une dur\u00e9e suffisante pour leur traitement ;<\/p>\n<p>&#8211; trait\u00e9es d\u2019une fa\u00e7on qui garantit la s\u00e9curit\u00e9 de celles-ci, y compris en ce qui concerne le traitement non-autoris\u00e9 ou illicite, la perte ou la destruction de ces donn\u00e9es, accidentelle ou volontaire.<\/p>\n<p>Le traitement des donn\u00e9es collect\u00e9es n\u2019est licite que si au moins l\u2019une des conditions suivantes est remplie:<\/p>\n<p>&#8211; La personne concern\u00e9e par les donn\u00e9es \u00e0 consenti au traitement de celles-ci pour une ou plusieurs finalit\u00e9s sp\u00e9cifiques.<\/p>\n<p>&#8211; Le traitement des donn\u00e9es est n\u00e9cessaire \u00e0 l\u2019ex\u00e9cution d\u2019un contrat dont la personne concern\u00e9e est partie ou \u00e0 l\u2019ex\u00e9cution des mesures pr\u00e9contractuelles prises \u00e0 la demande de celui-ci.<\/p>\n<p>&#8211; Le traitement est n\u00e9cessaire \u00e0 la r\u00e9alisation d\u2019une obligation l\u00e9gale \u00e0 laquelle le responsable, Synops \u00e9ditions, est soumis.<\/p>\n<p>&#8211; Le traitement est n\u00e9cessaire \u00e0 la sauvegarde des int\u00e9r\u00eats vitaux de toute personne physique.<\/p>\n<p>&#8211; Le traitement est n\u00e9cessaire \u00e0 la r\u00e9alisation d\u2019une mission d\u2019int\u00e9r\u00eat public dont est investi Synops \u00e9ditions.<\/p>\n<p>&#8211; Les traitement est n\u00e9cessaire aux fins des int\u00e9r\u00eats l\u00e9gitimes poursuivis par le responsable du traitement ou par un tiers, \u00e0 moins que ne pr\u00e9valent les int\u00e9r\u00eats, libert\u00e9s ou droits fondamentaux de la personne concern\u00e9e.<\/p>\n<p>&nbsp;<\/p>\n<h2>III \/ Consentement<\/h2>\n<p>&nbsp;<\/p>\n<p>En utilisant le site Synops-editions.fr, les utilisateurs consentent \u00e0 :<\/p>\n<p>&#8211; Toutes les conditions incluses dans la pr\u00e9sente politique de confidentialit\u00e9 ;<\/p>\n<p>&#8211; La collecte, l\u2019utilisation et la conservation des donn\u00e9es list\u00e9es dans la pr\u00e9sente politique de confidentialit\u00e9.<\/p>\n<p>&nbsp;<\/p>\n<h2>IV \/ Donn\u00e9es personnelles collect\u00e9es<\/h2>\n<p>&nbsp;<\/p>\n<p>Lors de la navigation du site Synops-editions.fr, diff\u00e9rentes donn\u00e9es personnelles au sujet des utilisateurs sont collect\u00e9es.<\/p>\n<p>Les donn\u00e9es suivantes sont collect\u00e9es de mani\u00e8re automatique :<\/p>\n<p>Les donn\u00e9es collect\u00e9es par les cookies comprennent :<\/p>\n<p>&#8211; Des informations \u00e0 propos des terminaux utilis\u00e9s par l\u2019utilisateur pour acc\u00e9der \u00e0 Internet (par exemple, l\u2019adresse IP de l\u2019appareil, le navigateur et le syst\u00e8me d\u2019exploitation) ;<\/p>\n<p>&#8211; Les dates et heures des visites du site ;<\/p>\n<p>&#8211; Des informations sur les actions entreprises sur le site ;<\/p>\n<p>&#8211; Un lieu g\u00e9ographique g\u00e9n\u00e9ral (par exemple un pays et une ville) \u00e0 partir duquel<\/p>\n<p>&#8211; l\u2019Utilisateur acc\u00e8de au site ;<\/p>\n<p>&#8211; Les termes de recherche utilis\u00e9s par l\u2019utilisateur pour arriver sur le site.<\/p>\n<p>Conform\u00e9ment au RGPD, vous pouvez choisir d\u2019\u00eatre pr\u00e9venu \u00e0 chaque fois qu\u2019un cookie est cr\u00e9\u00e9, ou bien d\u00e9sactiver enti\u00e8rement la transmission de cookies par le site.<\/p>\n<p>Aucune donn\u00e9e suppl\u00e9mentaire n\u2019est collect\u00e9e sans vous en informer au pr\u00e9alable.<\/p>\n<p>&nbsp;<\/p>\n<h2>V \/ Traitement de ces donn\u00e9es<\/h2>\n<p>&nbsp;<\/p>\n<p>Les donn\u00e9es personnelles recueillies sur le site Synops-editions.fr ne sont collect\u00e9es et trait\u00e9es que dans le cadre des fins pr\u00e9cis\u00e9es dans la pr\u00e9sente politique de confidentialit\u00e9 et \/ ou dans les pages pertinentes du site. Les donn\u00e9es personnelles que nous collectons ne seront pas utilis\u00e9es \u00e0 d\u2019autres fins.<\/p>\n<p>L\u2019utilisateur consent au traitement de ses donn\u00e9es personnelles pour les finalit\u00e9s suivantes:<\/p>\n<p>&#8211; Pour l\u2019envoi de newsletters r\u00e9gionalis\u00e9es concernant notre catalogue \u00e9ditorial ;<\/p>\n<p>&#8211; nos actualit\u00e9s \u00e9v\u00e9nementielles ;<\/p>\n<p>&#8211; Pour la communication ponctuelle d\u2019informations sur le Synops \u00e9ditions, le cas \u00e9ch\u00e9ant ;<\/p>\n<p>&#8211; Pour permettre le fonctionnement du site et de toutes ses fonctionnalit\u00e9s, r\u00e9aliser des mesures d\u2019audience et assurer le bon fonctionnement des boutons de partage sur les r\u00e9seaux sociaux Twitter, Facebook, et Linked&rsquo;in.<\/p>\n<p>&nbsp;<\/p>\n<h2>VI \/ Partage des donn\u00e9es personnelles recueillies<\/h2>\n<p>&nbsp;<\/p>\n<p>&#8211; Nous pouvons ouvertement divulguer les informations aux employ\u00e9s de l\u2019entreprise Synops \u00e9ditions dans la mesure o\u00f9 ceux-ci en ont besoin pour poursuivre la fin pr\u00e9vue dans cette politique.<\/p>\n<p>Par ailleurs, les donn\u00e9es personnelles collect\u00e9es pourront \u00eatre partag\u00e9es :<\/p>\n<p>&#8211; Si l\u2019entreprise Synops \u00e9ditions y est contrainte par la loi ;<\/p>\n<p>&#8211; Si les informations sont requises pour toute proc\u00e9dure judiciaire ;<\/p>\n<p>&#8211; Afin de prot\u00e9ger les droits l\u00e9gaux de l\u2019entreprise Synops \u00e9ditions ;<\/p>\n<p>En dehors des situations pr\u00e9vues dans cette pr\u00e9sente politique, les informations personnelles ne seront en aucun cas divulgu\u00e9es ou partag\u00e9es \u00e0 des tiers.<\/p>\n<p>&nbsp;<\/p>\n<h2>VII \/ Stockage et protection des donn\u00e9es personnelles<\/h2>\n<p>L\u2019entreprise Synops \u00e9ditions ne conserve pas les donn\u00e9es personnelles plus longtemps que ce qui est n\u00e9cessaire \u00e0 la r\u00e9alisation des fins pour lesquelles elles sont collect\u00e9es.<\/p>\n<p>Afin de prot\u00e9ger ces donn\u00e9es, nous nous appuyons sur notre h\u00e9bergeur OVH qui prend toutes les pr\u00e9cautions utiles pour pr\u00e9server la s\u00e9curit\u00e9 et la confidentialit\u00e9 des donn\u00e9es \u00e0 caract\u00e8re personnel trait\u00e9es, notamment afin d\u2019emp\u00eacher qu\u2019elles soient d\u00e9form\u00e9es, endommag\u00e9es ou que des tiers non autoris\u00e9s y aient acc\u00e8s.<\/p>\n<p>&nbsp;<\/p>\n<h2>VIII \/ Droits de l\u2019utilisateur<\/h2>\n<p>&nbsp;<\/p>\n<p>Conform\u00e9ment au chapitre 3, art 12-23 du RGPD, les utilisateurs du site Synops-editions.fr ont, en ce qui concerne leurs donn\u00e9es personnelles, les droits suivants :<\/p>\n<p>&#8211; Droit d\u2019acc\u00e8s ;<\/p>\n<p>&#8211; Droit de rectification ;<\/p>\n<p>&#8211; Droit \u00e0 l\u2019effacement ;<\/p>\n<p>&#8211; Droit de restreindre le traitement ;<\/p>\n<p>&#8211; Droit \u00e0 la portabilit\u00e9 des donn\u00e9es ;<\/p>\n<p>&#8211; Droit d\u2019objection.<\/p>\n<p>Pour faire valoir l\u2019un de ses droits, acc\u00e9der \u00e0 vos donn\u00e9es, les modifier ou les supprimer d\u2019une quelconque mani\u00e8re, vous pouvez nous communiquer vos oppositions \u00e0 ce courriel : contact@synops-editions.fr .<\/p>\n<p>En savoir plus : L\u2019autorit\u00e9 chef de file d\u2019OVH (la CNIL) diffuse \u00e9galement des informations vous permettant d&rsquo;en savoir <a href=\"https:\/\/www.cnil.fr\/fr\/cookies-et-autres-traceurs\/comment-se-proteger\/maitriser-votre-navigateur\">plus<\/a>\u00a0 sur les cookies, leur fonctionnement et les moyens de s\u2019y opposer.<\/p>\n<p>&nbsp;<\/p>\n<h2>IX \/ Modification de la politique de confidentialit\u00e9<\/h2>\n<p>Afin de rester en accord avec la loi ou de refl\u00e9ter tout changement dans notre processus de gestion des donn\u00e9es personnelles, la pr\u00e9sente politique de confidentialit\u00e9 peut \u00eatre amen\u00e9e \u00e0 changer et \u00e0 \u00eatre modifi\u00e9e r\u00e9guli\u00e8rement. Il est recommand\u00e9 aux utilisateurs de v\u00e9rifier r\u00e9guli\u00e8rement cette politique afin de se tenir inform\u00e9s de notre politique en termes de collecte et de traitement de donn\u00e9es personnelles.<\/p>\n<p>&nbsp;<\/p>\n<h2>X \/ Contact<\/h2>\n<p>Vous pouvez nous contacter pour toutes demandes compl\u00e9mentaires soit par courrier ou par courriel aux adresses ci-dessous.<\/p>\n<p>Synops \u00c9ditions<\/p>\n<p>10 rue des Belges<\/p>\n<p>26200 Mont\u00e9limar<\/p>\n<p>Courriel : contact @synops-editions.fr<\/p>\n<p>[\/et_pb_text][\/et_pb_column][\/et_pb_row][\/et_pb_section]<\/p>\n","protected":false},"excerpt":{"rendered":"<p>Politique de confidentialit\u00e9 du site Synops-editions.frI\/L\u2019objectif de la politique de confidentialit\u00e9 &nbsp; Cette politique de confidentialit\u00e9 est \u00e9tablie dans le but d\u2019informer les utilisateurs du site Synops-editions.fr, poss\u00e9d\u00e9 et g\u00e9r\u00e9 par Synops \u00e9ditions, des modalit\u00e9s suivantes : &#8211; Les donn\u00e9es personnelles recueillies par le site internet &#8211; L\u2019utilisation faite de ces donn\u00e9es &#8211; L\u2019acc\u00e8s \u00e0 [&hellip;]<\/p>\n","protected":false},"author":1,"featured_media":0,"parent":0,"menu_order":0,"comment_status":"closed","ping_status":"open","template":"","meta":{"_et_pb_use_builder":"on","_et_pb_old_content":"<!-- wp:heading --><h2>Qui sommes-nous\u00a0?<\/h2><!-- \/wp:heading --><!-- wp:paragraph --><p><strong class=\"privacy-policy-tutorial\">Texte sugg\u00e9r\u00e9\u00a0: <\/strong>L\u2019adresse de notre site est\u00a0: http:\/\/synops-editions.fr\/WP.<\/p><!-- \/wp:paragraph --><!-- wp:heading --><h2>Commentaires<\/h2><!-- \/wp:heading --><!-- wp:paragraph --><p><strong class=\"privacy-policy-tutorial\">Texte sugg\u00e9r\u00e9\u00a0: <\/strong>Quand vous laissez un commentaire sur notre site, les donn\u00e9es inscrites dans le formulaire de commentaire, ainsi que votre adresse IP et l\u2019agent utilisateur de votre navigateur sont collect\u00e9s pour nous aider \u00e0 la d\u00e9tection des commentaires ind\u00e9sirables.<\/p><!-- \/wp:paragraph --><!-- wp:paragraph --><p>Une cha\u00eene anonymis\u00e9e cr\u00e9\u00e9e \u00e0 partir de votre adresse e-mail (\u00e9galement appel\u00e9e hash) peut \u00eatre envoy\u00e9e au service Gravatar pour v\u00e9rifier si vous utilisez ce dernier. Les clauses de confidentialit\u00e9 du service Gravatar sont disponibles ici\u00a0: https:\/\/automattic.com\/privacy\/. Apr\u00e8s validation de votre commentaire, votre photo de profil sera visible publiquement \u00e0 cot\u00e9 de votre commentaire.<\/p><!-- \/wp:paragraph --><!-- wp:heading --><h2>M\u00e9dias<\/h2><!-- \/wp:heading --><!-- wp:paragraph --><p><strong class=\"privacy-policy-tutorial\">Texte sugg\u00e9r\u00e9\u00a0: <\/strong>Si vous t\u00e9l\u00e9versez des images sur le site, nous vous conseillons d\u2019\u00e9viter de t\u00e9l\u00e9verser des images contenant des donn\u00e9es EXIF de coordonn\u00e9es GPS. Les personnes visitant votre site peuvent t\u00e9l\u00e9charger et extraire des donn\u00e9es de localisation depuis ces images.<\/p><!-- \/wp:paragraph --><!-- wp:heading --><h2>Cookies<\/h2><!-- \/wp:heading --><!-- wp:paragraph --><p><strong class=\"privacy-policy-tutorial\">Texte sugg\u00e9r\u00e9\u00a0: <\/strong>Si vous d\u00e9posez un commentaire sur notre site, il vous sera propos\u00e9 d\u2019enregistrer votre nom, adresse e-mail et site dans des cookies. C\u2019est uniquement pour votre confort afin de ne pas avoir \u00e0 saisir ces informations si vous d\u00e9posez un autre commentaire plus tard. Ces cookies expirent au bout d\u2019un an.<\/p><!-- \/wp:paragraph --><!-- wp:paragraph --><p>Si vous vous rendez sur la page de connexion, un cookie temporaire sera cr\u00e9\u00e9 afin de d\u00e9terminer si votre navigateur accepte les cookies. Il ne contient pas de donn\u00e9es personnelles et sera supprim\u00e9 automatiquement \u00e0 la fermeture de votre navigateur.<\/p><!-- \/wp:paragraph --><!-- wp:paragraph --><p>Lorsque vous vous connecterez, nous mettrons en place un certain nombre de cookies pour enregistrer vos informations de connexion et vos pr\u00e9f\u00e9rences d\u2019\u00e9cran. La dur\u00e9e de vie d\u2019un cookie de connexion est de deux jours, celle d\u2019un cookie d\u2019option d\u2019\u00e9cran est d\u2019un an. Si vous cochez \u00ab\u00a0Se souvenir de moi\u00a0\u00bb, votre cookie de connexion sera conserv\u00e9 pendant deux semaines. Si vous vous d\u00e9connectez de votre compte, le cookie de connexion sera effac\u00e9.<\/p><!-- \/wp:paragraph --><!-- wp:paragraph --><p>En modifiant ou en publiant une publication, un cookie suppl\u00e9mentaire sera enregistr\u00e9 dans votre navigateur. Ce cookie ne comprend aucune donn\u00e9e personnelle. Il indique simplement l\u2019ID de la publication que vous venez de modifier. Il expire au bout d\u2019un jour.<\/p><!-- \/wp:paragraph --><!-- wp:heading --><h2>Contenu embarqu\u00e9 depuis d\u2019autres sites<\/h2><!-- \/wp:heading --><!-- wp:paragraph --><p><strong class=\"privacy-policy-tutorial\">Texte sugg\u00e9r\u00e9\u00a0: <\/strong>Les articles de ce site peuvent inclure des contenus int\u00e9gr\u00e9s (par exemple des vid\u00e9os, images, articles\u2026). Le contenu int\u00e9gr\u00e9 depuis d\u2019autres sites se comporte de la m\u00eame mani\u00e8re que si le visiteur se rendait sur cet autre site.<\/p><!-- \/wp:paragraph --><!-- wp:paragraph --><p>Ces sites web pourraient collecter des donn\u00e9es sur vous, utiliser des cookies, embarquer des outils de suivis tiers, suivre vos interactions avec ces contenus embarqu\u00e9s si vous disposez d\u2019un compte connect\u00e9 sur leur site web.<\/p><!-- \/wp:paragraph --><!-- wp:heading --><h2>Utilisation et transmission de vos donn\u00e9es personnelles<\/h2><!-- \/wp:heading --><!-- wp:paragraph --><p><strong class=\"privacy-policy-tutorial\">Texte sugg\u00e9r\u00e9\u00a0: <\/strong>Si vous demandez une r\u00e9initialisation de votre mot de passe, votre adresse IP sera incluse dans l\u2019e-mail de r\u00e9initialisation.<\/p><!-- \/wp:paragraph --><!-- wp:heading --><h2>Dur\u00e9es de stockage de vos donn\u00e9es<\/h2><!-- \/wp:heading --><!-- wp:paragraph --><p><strong class=\"privacy-policy-tutorial\">Texte sugg\u00e9r\u00e9\u00a0: <\/strong>Si vous laissez un commentaire, le commentaire et ses m\u00e9tadonn\u00e9es sont conserv\u00e9s ind\u00e9finiment. Cela permet de reconna\u00eetre et approuver automatiquement les commentaires suivants au lieu de les laisser dans la file de mod\u00e9ration.<\/p><!-- \/wp:paragraph --><!-- wp:paragraph --><p>Pour les comptes qui s\u2019inscrivent sur notre site (le cas \u00e9ch\u00e9ant), nous stockons \u00e9galement les donn\u00e9es personnelles indiqu\u00e9es dans leur profil. Tous les comptes peuvent voir, modifier ou supprimer leurs informations personnelles \u00e0 tout moment (\u00e0 l\u2019exception de leur identifiant). Les gestionnaires du site peuvent aussi voir et modifier ces informations.<\/p><!-- \/wp:paragraph --><!-- wp:heading --><h2>Les droits que vous avez sur vos donn\u00e9es<\/h2><!-- \/wp:heading --><!-- wp:paragraph --><p><strong class=\"privacy-policy-tutorial\">Texte sugg\u00e9r\u00e9\u00a0: <\/strong>Si vous avez un compte ou si vous avez laiss\u00e9 des commentaires sur le site, vous pouvez demander \u00e0 recevoir un fichier contenant toutes les donn\u00e9es personnelles que nous poss\u00e9dons \u00e0 votre sujet, incluant celles que vous nous avez fournies. Vous pouvez \u00e9galement demander la suppression des donn\u00e9es personnelles vous concernant. Cela ne prend pas en compte les donn\u00e9es stock\u00e9es \u00e0 des fins administratives, l\u00e9gales ou pour des raisons de s\u00e9curit\u00e9.<\/p><!-- \/wp:paragraph --><!-- wp:heading --><h2>Transmission de vos donn\u00e9es personnelles<\/h2><!-- \/wp:heading --><!-- wp:paragraph --><p><strong class=\"privacy-policy-tutorial\">Texte sugg\u00e9r\u00e9\u00a0: <\/strong>Les commentaires des visiteurs peuvent \u00eatre v\u00e9rifi\u00e9s \u00e0 l\u2019aide d\u2019un service automatis\u00e9 de d\u00e9tection des commentaires ind\u00e9sirables.<\/p><!-- \/wp:paragraph -->","_et_gb_content_width":"","footnotes":""},"class_list":["post-3","page","type-page","status-publish","hentry"],"_links":{"self":[{"href":"https:\/\/synops-editions.fr\/WP\/wp-json\/wp\/v2\/pages\/3","targetHints":{"allow":["GET"]}}],"collection":[{"href":"https:\/\/synops-editions.fr\/WP\/wp-json\/wp\/v2\/pages"}],"about":[{"href":"https:\/\/synops-editions.fr\/WP\/wp-json\/wp\/v2\/types\/page"}],"author":[{"embeddable":true,"href":"https:\/\/synops-editions.fr\/WP\/wp-json\/wp\/v2\/users\/1"}],"replies":[{"embeddable":true,"href":"https:\/\/synops-editions.fr\/WP\/wp-json\/wp\/v2\/comments?post=3"}],"version-history":[{"count":9,"href":"https:\/\/synops-editions.fr\/WP\/wp-json\/wp\/v2\/pages\/3\/revisions"}],"predecessor-version":[{"id":5351,"href":"https:\/\/synops-editions.fr\/WP\/wp-json\/wp\/v2\/pages\/3\/revisions\/5351"}],"wp:attachment":[{"href":"https:\/\/synops-editions.fr\/WP\/wp-json\/wp\/v2\/media?parent=3"}],"curies":[{"name":"wp","href":"https:\/\/api.w.org\/{rel}","templated":true}]}}