{"id":4985,"date":"2024-03-15T12:23:05","date_gmt":"2024-03-15T11:23:05","guid":{"rendered":"http:\/\/synops-editions.fr\/WP\/?page_id=4985"},"modified":"2024-03-27T15:54:35","modified_gmt":"2024-03-27T14:54:35","slug":"mentions-legales","status":"publish","type":"page","link":"https:\/\/synops-editions.fr\/WP\/mentions-legales\/","title":{"rendered":"Mentions l\u00e9gales"},"content":{"rendered":"<p>[et_pb_section fb_built=\u00a0\u00bb1&Prime; _builder_version=\u00a0\u00bb4.24.2&Prime; _module_preset=\u00a0\u00bbdefault\u00a0\u00bb da_disable_devices=\u00a0\u00bboff|off|off\u00a0\u00bb global_colors_info=\u00a0\u00bb{}\u00a0\u00bb da_is_popup=\u00a0\u00bboff\u00a0\u00bb da_exit_intent=\u00a0\u00bboff\u00a0\u00bb da_has_close=\u00a0\u00bbon\u00a0\u00bb da_alt_close=\u00a0\u00bboff\u00a0\u00bb da_dark_close=\u00a0\u00bboff\u00a0\u00bb da_not_modal=\u00a0\u00bbon\u00a0\u00bb da_is_singular=\u00a0\u00bboff\u00a0\u00bb da_with_loader=\u00a0\u00bboff\u00a0\u00bb da_has_shadow=\u00a0\u00bbon\u00a0\u00bb][et_pb_row _builder_version=\u00a0\u00bb4.24.2&Prime; _module_preset=\u00a0\u00bbdefault\u00a0\u00bb global_colors_info=\u00a0\u00bb{}\u00a0\u00bb][et_pb_column type=\u00a0\u00bb4_4&Prime; _builder_version=\u00a0\u00bb4.24.2&Prime; _module_preset=\u00a0\u00bbdefault\u00a0\u00bb global_colors_info=\u00a0\u00bb{}\u00a0\u00bb][et_pb_text _builder_version=\u00a0\u00bb4.24.2&Prime; _module_preset=\u00a0\u00bbdefault\u00a0\u00bb global_colors_info=\u00a0\u00bb{}\u00a0\u00bb]<\/p>\n<h1>Mentions l\u00e9gales<\/h1>\n<p>[\/et_pb_text][et_pb_text _builder_version=\u00a0\u00bb4.24.2&Prime; _module_preset=\u00a0\u00bbdefault\u00a0\u00bb custom_padding=\u00a0\u00bb|25vw||2vw|false|false\u00a0\u00bb global_colors_info=\u00a0\u00bb{}\u00a0\u00bb]<\/p>\n<h3>Synops \u00e9ditions<\/h3>\n<h3>SARL<\/h3>\n<h3>RCS : 752 571 893 Romans<\/h3>\n<h3>Si\u00e8ge social : 10 rue des Belges \u2013 26200 Mont\u00e9limar<\/h3>\n<p>&nbsp;<\/p>\n<p><strong>Soci\u00e9t\u00e9 \u00e9ditrice du site<\/strong><\/p>\n<p>Ce site web est d\u00e9tenu et exploit\u00e9 par Synops \u00e9ditions,<br \/>10 rue des Belges , 26200<br \/>Mont\u00e9limar<\/p>\n<p>&nbsp;<\/p>\n<p><strong>Coordonn\u00e9es de contact<\/strong><\/p>\n<p>Par courrier, \u00e0 l\u2019adresse postale indiqu\u00e9e ci-dessus ;<br \/>Par courrier \u00e9lectronique, en utilisant l\u2019adresse: <a href=\"mailto:contact@synops-editions.fr\">contact@synops-editions.fr<\/a><\/p>\n<p>&nbsp;<\/p>\n<p><strong>H\u00e9bergeur du site internet<\/strong><\/p>\n<p>Ce site web est h\u00e9berg\u00e9 par OVH &#8211; 2 rue Kellermann &#8211; 59100 Roubaix &#8211; serveurs localis\u00e9s en France.<\/p>\n<p>&nbsp;<\/p>\n<p><strong>Conception graphique et d\u00e9veloppement<\/strong><\/p>\n<p>Le webdesign et le d\u00e9veloppement du site sont pris en charge par Steppers Studio.<\/p>\n<p>Rue Fernand Bernier 15<\/p>\n<p>1060 Saint-Gilles<\/p>\n<p>Bruxelles \u2013 Belgique<\/p>\n<p>&nbsp;<\/p>\n<p><strong>Maintenance du site internet<\/strong><\/p>\n<p>La mise \u00e0 jour du contenu est effectu\u00e9e par Synops \u00e9ditions.<\/p>\n<p>La maintenance technique est assur\u00e9e par Steppers Studio.<\/p>\n<p>&nbsp;<\/p>\n<p><strong>Droit de propri\u00e9t\u00e9s intellectuelles<\/strong><\/p>\n<p>La structure du site ainsi que l\u2019ensemble des contenus diffus\u00e9s sur le site sont prot\u00e9g\u00e9s par la l\u00e9gislation relative \u00e0 la propri\u00e9t\u00e9 intellectuelle (notamment droit d\u2019auteur, droits voisins, droit sui generis des producteurs de bases de donn\u00e9es, droits des marques, noms de domaine\u2026).<\/p>\n<p>L\u2019utilisateur reconna\u00eet formellement que la pr\u00e9sentation, les \u00e9l\u00e9ments visuels, les illustrations, les contenus multim\u00e9dia (vid\u00e9os, audios\u2026), les marques, les logos, les marques d\u00e9pos\u00e9es, les mentions de service et autres donn\u00e9es contenues sur le pr\u00e9sent site sont prot\u00e9g\u00e9s par des droits d\u2019auteur et des droits de propri\u00e9t\u00e9 intellectuelle.<\/p>\n<p>Ils restent la propri\u00e9t\u00e9 exclusive de Synops \u00e9ditions<\/p>\n<p>Toute forme de transmission, reproduction, diffusion, vente, publication, adaptation, exp\u00e9dition de tout ou d\u2019une partie du pr\u00e9sent site Internet et toute utilisation \u00e0 des fins commerciales de l\u2019ensemble ou d\u2019une partie de ce site et de son contenu sont interdites sans autorisation \u00e9crite pr\u00e9alable de Synops \u00e9ditions.<\/p>\n<p>Il est \u00e9galement interdit d\u2019exploiter ces informations \u00e0 des fins illicites.<\/p>\n<p>L\u2019impression des pages est autoris\u00e9e pour un usage priv\u00e9 uniquement.<\/p>\n<p>Synops \u00e9ditions donne aux visiteurs de son site la possibilit\u00e9 de t\u00e9l\u00e9charger des documents depuis le site. Ces t\u00e9l\u00e9chargements seront soumis aux conditions g\u00e9n\u00e9rales applicables de Synops \u00e9ditions.<\/p>\n<p>[\/et_pb_text][\/et_pb_column][\/et_pb_row][\/et_pb_section]<\/p>\n","protected":false},"excerpt":{"rendered":"<p>Mentions l\u00e9galesSynops \u00e9ditions SARL RCS : 752 571 893 Romans Si\u00e8ge social : 10 rue des Belges \u2013 26200 Mont\u00e9limar &nbsp; Soci\u00e9t\u00e9 \u00e9ditrice du site Ce site web est d\u00e9tenu et exploit\u00e9 par Synops \u00e9ditions,10 rue des Belges , 26200Mont\u00e9limar &nbsp; Coordonn\u00e9es de contact Par courrier, \u00e0 l\u2019adresse postale indiqu\u00e9e ci-dessus ;Par courrier \u00e9lectronique, en [&hellip;]<\/p>\n","protected":false},"author":4,"featured_media":0,"parent":0,"menu_order":0,"comment_status":"closed","ping_status":"closed","template":"","meta":{"_et_pb_use_builder":"on","_et_pb_old_content":"","_et_gb_content_width":"","footnotes":""},"class_list":["post-4985","page","type-page","status-publish","hentry"],"_links":{"self":[{"href":"https:\/\/synops-editions.fr\/WP\/wp-json\/wp\/v2\/pages\/4985","targetHints":{"allow":["GET"]}}],"collection":[{"href":"https:\/\/synops-editions.fr\/WP\/wp-json\/wp\/v2\/pages"}],"about":[{"href":"https:\/\/synops-editions.fr\/WP\/wp-json\/wp\/v2\/types\/page"}],"author":[{"embeddable":true,"href":"https:\/\/synops-editions.fr\/WP\/wp-json\/wp\/v2\/users\/4"}],"replies":[{"embeddable":true,"href":"https:\/\/synops-editions.fr\/WP\/wp-json\/wp\/v2\/comments?post=4985"}],"version-history":[{"count":5,"href":"https:\/\/synops-editions.fr\/WP\/wp-json\/wp\/v2\/pages\/4985\/revisions"}],"predecessor-version":[{"id":5291,"href":"https:\/\/synops-editions.fr\/WP\/wp-json\/wp\/v2\/pages\/4985\/revisions\/5291"}],"wp:attachment":[{"href":"https:\/\/synops-editions.fr\/WP\/wp-json\/wp\/v2\/media?parent=4985"}],"curies":[{"name":"wp","href":"https:\/\/api.w.org\/{rel}","templated":true}]}}